{"id":144,"date":"2024-08-26T23:30:43","date_gmt":"2024-08-27T04:30:43","guid":{"rendered":"https:\/\/pdot.putumayo.gob.ec\/?page_id=144"},"modified":"2024-08-27T00:07:55","modified_gmt":"2024-08-27T05:07:55","slug":"metodologia","status":"publish","type":"page","link":"https:\/\/pdot.putumayo.gob.ec\/?page_id=144","title":{"rendered":"Metodolog\u00eda"},"content":{"rendered":"\n<div class=\"wp-block-group alignfull has-base-2-background-color has-background has-global-padding is-layout-constrained wp-container-core-group-is-layout-669513ed wp-block-group-is-layout-constrained\" style=\"margin-top:0;margin-bottom:0;padding-top:var(--wp--preset--spacing--50);padding-right:var(--wp--preset--spacing--50);padding-bottom:var(--wp--preset--spacing--50);padding-left:var(--wp--preset--spacing--50)\">\n<div class=\"wp-block-columns alignwide is-layout-flex wp-container-core-columns-is-layout-60a90298 wp-block-columns-is-layout-flex\">\n<div class=\"wp-block-column is-vertically-aligned-center is-layout-flow wp-block-column-is-layout-flow\" style=\"flex-basis:20%\">\n<h2 class=\"wp-block-heading has-x-large-font-size\">\u00bfQu\u00e9 es el PDOT?<\/h2>\n<\/div>\n\n\n\n<div class=\"wp-block-column is-vertically-aligned-center is-layout-flow wp-block-column-is-layout-flow\" style=\"flex-basis:80%\">\n<p>El PDOT es un instrumento t\u00e9cnico para la planificaci\u00f3n territorial. Orienta las intervenciones de las instituciones p\u00fablicas y privadas para generar el desarrollo local, en esencia, es una propuesta para ordenar la gesti\u00f3n de un territorio, en armon\u00eda con los actores involucrados y de acuerdo a las vocaciones del territorio. Adem\u00e1s, es un instrumento pol\u00edtico, pues refleja la visi\u00f3n de desarrollo, estrategias, programas y proyectos que permiten alcanzar el plan de trabajo de la autoridad electa.<\/p>\n\n\n\n<p>\u201cLos planes de desarrollo y ordenamiento territorial son los instrumentos de planificaci\u00f3n que contienen las directrices principales de los gobiernos aut\u00f3nomos descentralizados (GAD) respecto de las decisiones estrat\u00e9gicas de desarrollo y que permiten la gesti\u00f3n concertada y articulada del territorio. Tienen por objeto ordenar, compatibilizar y armonizar las decisiones estrat\u00e9gicas de desarrollo respecto de los asentamientos humanos, las actividades econ\u00f3mico-productivas y el manejo de los recursos naturales en funci\u00f3n de las cualidades territoriales, a trav\u00e9s de la definici\u00f3n de lineamientos para la materializaci\u00f3n del modelo territorial deseado, establecidos por el nivel de gobierno respectivo (\u2026)\u201d. Copfp (2019). Art. 41.<\/p>\n<\/div>\n<\/div>\n<\/div>\n\n\n\n<div class=\"wp-block-group alignfull has-base-background-color has-background has-global-padding is-layout-constrained wp-container-core-group-is-layout-669513ed wp-block-group-is-layout-constrained\" style=\"margin-top:0;margin-bottom:0;padding-top:var(--wp--preset--spacing--50);padding-right:var(--wp--preset--spacing--50);padding-bottom:var(--wp--preset--spacing--50);padding-left:var(--wp--preset--spacing--50)\">\n<div class=\"wp-block-columns alignwide is-layout-flex wp-container-core-columns-is-layout-60a90298 wp-block-columns-is-layout-flex\">\n<div class=\"wp-block-column is-vertically-aligned-center is-layout-flow wp-block-column-is-layout-flow\" style=\"flex-basis:80%\">\n<p>El Plan de Uso y Gesti\u00f3n de Suelo (PUGS) es un instrumento regulatorio y normativo de planificaci\u00f3n, complementario al Plan de Desarrollo y Ordenamiento Territorial (PDOT), que permite a los GAD municipales y metropolitanos regular y gestionar el uso, la ocupaci\u00f3n y transformaci\u00f3n del suelo, conforme la visi\u00f3n de desarrollo y el modelo territorial deseado del cant\u00f3n.<\/p>\n\n\n\n<p>A partir del PUGS, los GAD municipales y metropolitanos contar\u00e1n con un instrumento que permitir\u00e1 determinar la estructura urbano-rural del cant\u00f3n y fortalecer sus v\u00ednculos e interdependencias; planificar el uso y aprovechamiento eficiente, equitativo, racional y equilibrado del suelo urbano y rural, especialmente del suelo rural de expansi\u00f3n urbana; generar suelo para vivienda y los sistemas p\u00fablicos de soporte; hacer cumplir el r\u00e9gimen de derechos y deberes de la propiedad y el reparto equitativo de cargas y beneficios en el desarrollo urbano; establecer los instrumentos de planeamiento urban\u00edstico y orientar las decisiones sobre el uso y la ocupaci\u00f3n del suelo.<\/p>\n<\/div>\n\n\n\n<div class=\"wp-block-column is-vertically-aligned-center is-layout-flow wp-block-column-is-layout-flow\" style=\"flex-basis:20%\">\n<h2 class=\"wp-block-heading has-text-align-right has-base-2-color has-text-color has-link-color has-x-large-font-size wp-elements-328511f5b59668bf825d768ed50e1d8b\">\u00bfQu\u00e9 es el PUGS?<\/h2>\n<\/div>\n<\/div>\n<\/div>\n\n\n\n<div class=\"wp-block-group alignfull has-contrast-2-background-color has-background has-global-padding is-layout-constrained wp-container-core-group-is-layout-d89aad35 wp-block-group-is-layout-constrained\" style=\"margin-top:0;margin-bottom:0;padding-top:var(--wp--preset--spacing--50);padding-right:var(--wp--preset--spacing--50);padding-bottom:var(--wp--preset--spacing--50);padding-left:var(--wp--preset--spacing--50)\">\n<div class=\"wp-block-columns alignwide is-layout-flex wp-container-core-columns-is-layout-549b0c86 wp-block-columns-is-layout-flex\">\n<div class=\"wp-block-column is-vertically-aligned-center has-global-padding is-content-justification-left is-layout-constrained wp-container-core-column-is-layout-4f15e8fe wp-block-column-is-layout-constrained\" style=\"flex-basis:30%\">\n<h2 class=\"wp-block-heading has-text-align-center is-style-default has-base-2-color has-text-color has-link-color wp-elements-0c4cec63bffebe9153c08fedd9ca8570\">PREGUNTAS FRECUENTES<\/h2>\n<\/div>\n\n\n\n<div class=\"wp-block-column is-layout-flow wp-container-core-column-is-layout-119bc444 wp-block-column-is-layout-flow\" style=\"flex-basis:70%\">\n<div class=\"wp-block-columns is-layout-flex wp-container-core-columns-is-layout-87beb0d0 wp-block-columns-is-layout-flex\">\n<div class=\"wp-block-column is-layout-flow wp-block-column-is-layout-flow\">\n<div class=\"wp-block-group is-vertical is-layout-flex wp-container-core-group-is-layout-fe9cc265 wp-block-group-is-layout-flex\">\n<h2 class=\"wp-block-heading has-base-2-color has-text-color has-link-color wp-elements-200397affded8654fda4689f3668a0d3\">\u00bfQui\u00e9n debe elaborar el PUGS?<\/h2>\n\n\n\n<p class=\"has-base-color has-text-color has-link-color wp-elements-7827e559e6cb2ba71e29a4d43055e2f7 wp-container-content-9cfa9a5a\">La elaboraci\u00f3n del PUGS es de responsabilidad de los GAD municipales y metropolitano, ya que son el nivel de gobierno que tiene la competencia exclusiva de regular y controlar el uso y la ocupaci\u00f3n del suelo urbano y rural del cant\u00f3n.<\/p>\n\n\n\n<p class=\"has-base-color has-text-color has-link-color wp-elements-8bfbfe28420cfa033123ca8fc567252c wp-container-content-9cfa9a5a\">Los GADs pueden conformar mancomunidades o consorcios con sus similares circunvecinos para este fin.<\/p>\n<\/div>\n\n\n\n<div class=\"wp-block-group is-vertical is-layout-flex wp-container-core-group-is-layout-fe9cc265 wp-block-group-is-layout-flex\">\n<h2 class=\"wp-block-heading has-base-2-color has-text-color has-link-color wp-elements-8e0590cb3643e76c6969b1c4ac0c8c85\">\u00bfQui\u00e9n aprueba el PUGS?<\/h2>\n\n\n\n<p class=\"has-base-color has-text-color has-link-color wp-elements-eef879d6c873883ce8b8446492f79aa9 wp-container-content-9cfa9a5a\">El PUGS lo aprueba el concejo municipal o metropolitano y deber\u00e1 adoptarse una vez se publique la ordenanza correspondiente en el Registro Oficial, previa resoluci\u00f3n favorable del Consejo Cantonal de Planificaci\u00f3n.<\/p>\n<\/div>\n<\/div>\n\n\n\n<div class=\"wp-block-column is-layout-flow wp-block-column-is-layout-flow\">\n<div class=\"wp-block-group is-vertical is-layout-flex wp-container-core-group-is-layout-fe9cc265 wp-block-group-is-layout-flex\">\n<h2 class=\"wp-block-heading has-base-2-color has-text-color has-link-color wp-elements-1b17b8b86bb13edde461956128c4abaa\">\u00bfQu\u00e9 tiempo de vigencia tiene el PUGS?<\/h2>\n\n\n\n<p class=\"has-base-color has-text-color has-link-color wp-elements-3bc9bc6246e8cbeeabd4de571b564cfb wp-container-content-9cfa9a5a\">El PUGS en su componente Estructurante tendr\u00e1 un periodo de vigencia de doce (12) a\u00f1os, desde su aprobaci\u00f3n y publicaci\u00f3n en el Registro Oficial.<\/p>\n<\/div>\n\n\n\n<div class=\"wp-block-group is-vertical is-layout-flex wp-container-core-group-is-layout-fe9cc265 wp-block-group-is-layout-flex\">\n<h2 class=\"wp-block-heading has-base-2-color has-text-color has-link-color wp-elements-4335f9134cc20395a78625e06f2e543e\">\u00bfQu\u00e9 contiene el PUGS?<\/h2>\n\n\n\n<p class=\"has-base-color has-text-color has-link-color wp-elements-542e89e64cb940e3daee47e9b5eb65d6 wp-container-content-9cfa9a5a\">De acuerdo al marco legal vigente el PUGS debe desarrollar dos componentes: el estructurante y el urban\u00edstico.<\/p>\n<\/div>\n<\/div>\n<\/div>\n<\/div>\n<\/div>\n<\/div>\n\n\n\n<div class=\"wp-block-group alignfull has-accent-5-background-color has-background is-layout-flow wp-block-group-is-layout-flow\" style=\"margin-top:0;margin-bottom:0;padding-top:var(--wp--preset--spacing--30);padding-right:var(--wp--preset--spacing--40);padding-bottom:var(--wp--preset--spacing--30);padding-left:var(--wp--preset--spacing--40)\">\n<div class=\"wp-block-columns alignwide is-layout-flex wp-container-core-columns-is-layout-1da03c2a wp-block-columns-is-layout-flex\">\n<div class=\"wp-block-column is-vertically-aligned-center is-layout-flow wp-block-column-is-layout-flow\" style=\"flex-basis:70%\"><a href=\"https:\/\/pdot.putumayo.gob.ec\/wp-content\/uploads\/2024\/08\/03-26-Presentacion_Low.pdf\" class=\"pdfemb-viewer\" style=\"\" data-width=\"max\" data-height=\"max\" data-toolbar=\"bottom\" data-toolbar-fixed=\"off\">03-26-Presentacion_Low<\/a><\/div>\n\n\n\n<div class=\"wp-block-column is-vertically-aligned-center is-layout-flow wp-block-column-is-layout-flow\" style=\"flex-basis:30%\">\n<h2 class=\"wp-block-heading\">Metodolog\u00eda<\/h2>\n\n\n\n<p>Elaboraci\u00f3n de la actualizaci\u00f3n del Plan de Desarrollo y Ordenamiento Territorial (PDOT) y el Plan de Uso y Gesti\u00f3n del Suelo (PUGS)<\/p>\n\n\n\n<div class=\"wp-block-file\"><a id=\"wp-block-file--media-01efd67e-9cdc-4fe1-bba2-c412709f8faf\" href=\"https:\/\/pdot.putumayo.gob.ec\/wp-content\/uploads\/2024\/08\/03-26-Presentacion_Low.pdf\">03-26 Presentacion_Low<\/a><a href=\"https:\/\/pdot.putumayo.gob.ec\/wp-content\/uploads\/2024\/08\/03-26-Presentacion_Low.pdf\" class=\"wp-block-file__button wp-element-button\" download aria-describedby=\"wp-block-file--media-01efd67e-9cdc-4fe1-bba2-c412709f8faf\">Descarga<\/a><\/div>\n<\/div>\n<\/div>\n<\/div>\n","protected":false},"excerpt":{"rendered":"<p>\u00bfQu\u00e9 es el PDOT? El PDOT es un instrumento t\u00e9cnico para la planificaci\u00f3n territorial. Orienta las intervenciones de las instituciones p\u00fablicas y privadas para generar el desarrollo local, en esencia, es una propuesta para ordenar la gesti\u00f3n de un territorio, en armon\u00eda con los actores involucrados y de acuerdo a las vocaciones del territorio. Adem\u00e1s, [&hellip;]<\/p>\n","protected":false},"author":1,"featured_media":129,"parent":0,"menu_order":0,"comment_status":"closed","ping_status":"closed","template":"","meta":{"footnotes":""},"class_list":["post-144","page","type-page","status-publish","has-post-thumbnail","hentry"],"_links":{"self":[{"href":"https:\/\/pdot.putumayo.gob.ec\/index.php?rest_route=\/wp\/v2\/pages\/144","targetHints":{"allow":["GET"]}}],"collection":[{"href":"https:\/\/pdot.putumayo.gob.ec\/index.php?rest_route=\/wp\/v2\/pages"}],"about":[{"href":"https:\/\/pdot.putumayo.gob.ec\/index.php?rest_route=\/wp\/v2\/types\/page"}],"author":[{"embeddable":true,"href":"https:\/\/pdot.putumayo.gob.ec\/index.php?rest_route=\/wp\/v2\/users\/1"}],"replies":[{"embeddable":true,"href":"https:\/\/pdot.putumayo.gob.ec\/index.php?rest_route=%2Fwp%2Fv2%2Fcomments&post=144"}],"version-history":[{"count":5,"href":"https:\/\/pdot.putumayo.gob.ec\/index.php?rest_route=\/wp\/v2\/pages\/144\/revisions"}],"predecessor-version":[{"id":156,"href":"https:\/\/pdot.putumayo.gob.ec\/index.php?rest_route=\/wp\/v2\/pages\/144\/revisions\/156"}],"wp:featuredmedia":[{"embeddable":true,"href":"https:\/\/pdot.putumayo.gob.ec\/index.php?rest_route=\/wp\/v2\/media\/129"}],"wp:attachment":[{"href":"https:\/\/pdot.putumayo.gob.ec\/index.php?rest_route=%2Fwp%2Fv2%2Fmedia&parent=144"}],"curies":[{"name":"wp","href":"https:\/\/api.w.org\/{rel}","templated":true}]}}