{"id":157,"date":"2024-08-27T00:17:13","date_gmt":"2024-08-27T05:17:13","guid":{"rendered":"https:\/\/pdot.putumayo.gob.ec\/?page_id=157"},"modified":"2024-08-27T02:05:24","modified_gmt":"2024-08-27T07:05:24","slug":"tour-virtual","status":"publish","type":"page","link":"https:\/\/pdot.putumayo.gob.ec\/?page_id=157","title":{"rendered":"Tour Virtual"},"content":{"rendered":"\n<div class=\"wp-block-group alignfull has-global-padding is-layout-constrained wp-container-core-group-is-layout-4546306c wp-block-group-is-layout-constrained\" style=\"padding-top:0;padding-right:0;padding-bottom:0;padding-left:0\">\n<div class=\"wp-block-group has-global-padding is-layout-constrained wp-container-core-group-is-layout-650790e1 wp-block-group-is-layout-constrained\">\n<div style=\"height:1.25rem\" aria-hidden=\"true\" class=\"wp-block-spacer\"><\/div>\n\n\n\n<p class=\"has-text-align-center\">A continuaci\u00f3n, te presentamos recorridos virtuales de las \u00e1reas importantes del cant\u00f3n Putumayo que forman parte de la actualizaci\u00f3n del Plan de Desarrollo y Ordenamiento Territorial y el Plan de Uso y Gesti\u00f3n del Suelo.<\/p>\n\n\n\n<div style=\"height:1.25rem\" aria-hidden=\"true\" class=\"wp-block-spacer\"><\/div>\n<\/div>\n<\/div>\n\n\n\n<div class=\"wp-block-group alignfull has-base-2-background-color has-background has-global-padding is-layout-constrained wp-container-core-group-is-layout-867c3d7b wp-block-group-is-layout-constrained\" style=\"margin-top:0;margin-bottom:0;padding-top:var(--wp--preset--spacing--30);padding-right:var(--wp--preset--spacing--30);padding-bottom:var(--wp--preset--spacing--30);padding-left:var(--wp--preset--spacing--30)\">\n<div class=\"wp-block-group is-vertical is-content-justification-center is-layout-flex wp-container-core-group-is-layout-52b864f0 wp-block-group-is-layout-flex\">\n<h2 class=\"wp-block-heading has-text-align-center is-style-asterisk\">Puerto El Carmen<\/h2>\n\n\n\n<div style=\"height:0px\" aria-hidden=\"true\" class=\"wp-block-spacer wp-container-content-4f2ccadb\"><\/div>\n\n\n\n<p class=\"has-text-align-center\">P A R R O Q U I A<\/p>\n<\/div>\n\n\n\n<div class=\"wp-block-columns alignwide is-layout-flex wp-container-core-columns-is-layout-d0bbbce0 wp-block-columns-is-layout-flex\">\n<div class=\"wp-block-column is-layout-flow wp-container-core-column-is-layout-e3d1c41b wp-block-column-is-layout-flow\">\n<div class=\"wp-block-buttons is-content-justification-center is-layout-flex wp-container-core-buttons-is-layout-a89b3969 wp-block-buttons-is-layout-flex\">\n<div class=\"wp-block-button\"><a class=\"wp-block-button__link has-text-align-center wp-element-button\" href=\"https:\/\/pdot.putumayo.gob.ec\/?page_id=187\">Cabecera Cantonal<\/a><\/div>\n<\/div>\n\n\n\n<figure class=\"wp-block-image size-large is-style-rounded wp-duotone-unset-2 is-style-rounded--1\"><img fetchpriority=\"high\" decoding=\"async\" width=\"1024\" height=\"774\" src=\"https:\/\/pdot.putumayo.gob.ec\/wp-content\/uploads\/2024\/08\/Mini-PtoElCarmen-1024x774.jpg\" alt=\"\" class=\"wp-image-159\" style=\"aspect-ratio:16\/9;object-fit:cover\" srcset=\"https:\/\/pdot.putumayo.gob.ec\/wp-content\/uploads\/2024\/08\/Mini-PtoElCarmen-1024x774.jpg 1024w, https:\/\/pdot.putumayo.gob.ec\/wp-content\/uploads\/2024\/08\/Mini-PtoElCarmen-300x227.jpg 300w, https:\/\/pdot.putumayo.gob.ec\/wp-content\/uploads\/2024\/08\/Mini-PtoElCarmen-768x581.jpg 768w, https:\/\/pdot.putumayo.gob.ec\/wp-content\/uploads\/2024\/08\/Mini-PtoElCarmen.jpg 1292w\" sizes=\"(max-width: 1024px) 100vw, 1024px\" \/><\/figure>\n<\/div>\n\n\n\n<div class=\"wp-block-column is-layout-flow wp-container-core-column-is-layout-e3d1c41b wp-block-column-is-layout-flow\"><\/div>\n<\/div>\n<\/div>\n\n\n\n<div class=\"wp-block-group alignfull has-base-background-color has-background has-global-padding is-layout-constrained wp-container-core-group-is-layout-867c3d7b wp-block-group-is-layout-constrained\" style=\"margin-top:0;margin-bottom:0;padding-top:var(--wp--preset--spacing--30);padding-right:var(--wp--preset--spacing--30);padding-bottom:var(--wp--preset--spacing--30);padding-left:var(--wp--preset--spacing--30)\">\n<div class=\"wp-block-group is-vertical is-content-justification-center is-layout-flex wp-container-core-group-is-layout-52b864f0 wp-block-group-is-layout-flex\">\n<h2 class=\"wp-block-heading has-text-align-center is-style-asterisk\">Palma Roja<\/h2>\n\n\n\n<div style=\"height:0px\" aria-hidden=\"true\" class=\"wp-block-spacer wp-container-content-4f2ccadb\"><\/div>\n\n\n\n<p class=\"has-text-align-center\">P A R R O Q U I A<\/p>\n<\/div>\n\n\n\n<div class=\"wp-block-columns alignwide is-layout-flex wp-container-core-columns-is-layout-d0bbbce0 wp-block-columns-is-layout-flex\">\n<div class=\"wp-block-column is-layout-flow wp-container-core-column-is-layout-e3d1c41b wp-block-column-is-layout-flow\">\n<div class=\"wp-block-buttons is-content-justification-center is-layout-flex wp-container-core-buttons-is-layout-a89b3969 wp-block-buttons-is-layout-flex\">\n<div class=\"wp-block-button\"><a class=\"wp-block-button__link has-text-align-center wp-element-button\" href=\"https:\/\/pdot.putumayo.gob.ec\/?page_id=217\">Cabecera Parroquial<\/a><\/div>\n<\/div>\n\n\n\n<figure class=\"wp-block-image size-large is-style-rounded wp-duotone-unset-4 is-style-rounded--3\"><img decoding=\"async\" width=\"1024\" height=\"774\" src=\"https:\/\/pdot.putumayo.gob.ec\/wp-content\/uploads\/2024\/08\/Mini-PRoja-1024x774.jpg\" alt=\"\" class=\"wp-image-164\" style=\"aspect-ratio:16\/9;object-fit:cover\" srcset=\"https:\/\/pdot.putumayo.gob.ec\/wp-content\/uploads\/2024\/08\/Mini-PRoja-1024x774.jpg 1024w, https:\/\/pdot.putumayo.gob.ec\/wp-content\/uploads\/2024\/08\/Mini-PRoja-300x227.jpg 300w, https:\/\/pdot.putumayo.gob.ec\/wp-content\/uploads\/2024\/08\/Mini-PRoja-768x581.jpg 768w, https:\/\/pdot.putumayo.gob.ec\/wp-content\/uploads\/2024\/08\/Mini-PRoja.jpg 1292w\" sizes=\"(max-width: 1024px) 100vw, 1024px\" \/><\/figure>\n<\/div>\n\n\n\n<div class=\"wp-block-column is-layout-flow wp-container-core-column-is-layout-e3d1c41b wp-block-column-is-layout-flow\"><\/div>\n<\/div>\n<\/div>\n\n\n\n<div class=\"wp-block-group alignfull has-base-2-background-color has-background has-global-padding is-layout-constrained wp-container-core-group-is-layout-867c3d7b wp-block-group-is-layout-constrained\" style=\"margin-top:0;margin-bottom:0;padding-top:var(--wp--preset--spacing--30);padding-right:var(--wp--preset--spacing--30);padding-bottom:var(--wp--preset--spacing--30);padding-left:var(--wp--preset--spacing--30)\">\n<div class=\"wp-block-group is-vertical is-content-justification-center is-layout-flex wp-container-core-group-is-layout-52b864f0 wp-block-group-is-layout-flex\">\n<h2 class=\"wp-block-heading has-text-align-center is-style-asterisk\">Puerto Rodr\u00edguez<\/h2>\n\n\n\n<div style=\"height:0px\" aria-hidden=\"true\" class=\"wp-block-spacer wp-container-content-4f2ccadb\"><\/div>\n\n\n\n<p class=\"has-text-align-center\">P A R R O Q U I A<\/p>\n<\/div>\n\n\n\n<div class=\"wp-block-columns alignwide is-layout-flex wp-container-core-columns-is-layout-d0bbbce0 wp-block-columns-is-layout-flex\">\n<div class=\"wp-block-column is-layout-flow wp-container-core-column-is-layout-e3d1c41b wp-block-column-is-layout-flow\">\n<div class=\"wp-block-buttons is-content-justification-center is-layout-flex wp-container-core-buttons-is-layout-a89b3969 wp-block-buttons-is-layout-flex\">\n<div class=\"wp-block-button\"><a class=\"wp-block-button__link has-text-align-center wp-element-button\" href=\"https:\/\/pdot.putumayo.gob.ec\/?page_id=225\">Cabecera Parroquial<\/a><\/div>\n<\/div>\n\n\n\n<figure class=\"wp-block-image size-large is-style-rounded wp-duotone-unset-6 is-style-rounded--5\"><img decoding=\"async\" width=\"1024\" height=\"774\" src=\"https:\/\/pdot.putumayo.gob.ec\/wp-content\/uploads\/2024\/08\/Mini-PtoRodriguez-1024x774.jpg\" alt=\"\" class=\"wp-image-165\" style=\"aspect-ratio:16\/9;object-fit:cover\" srcset=\"https:\/\/pdot.putumayo.gob.ec\/wp-content\/uploads\/2024\/08\/Mini-PtoRodriguez-1024x774.jpg 1024w, https:\/\/pdot.putumayo.gob.ec\/wp-content\/uploads\/2024\/08\/Mini-PtoRodriguez-300x227.jpg 300w, https:\/\/pdot.putumayo.gob.ec\/wp-content\/uploads\/2024\/08\/Mini-PtoRodriguez-768x581.jpg 768w, https:\/\/pdot.putumayo.gob.ec\/wp-content\/uploads\/2024\/08\/Mini-PtoRodriguez.jpg 1292w\" sizes=\"(max-width: 1024px) 100vw, 1024px\" \/><\/figure>\n<\/div>\n\n\n\n<div class=\"wp-block-column is-layout-flow wp-container-core-column-is-layout-e3d1c41b wp-block-column-is-layout-flow\"><\/div>\n<\/div>\n<\/div>\n\n\n\n<div class=\"wp-block-group alignfull has-base-background-color has-background has-global-padding is-layout-constrained wp-container-core-group-is-layout-867c3d7b wp-block-group-is-layout-constrained\" style=\"margin-top:0;margin-bottom:0;padding-top:var(--wp--preset--spacing--30);padding-right:var(--wp--preset--spacing--30);padding-bottom:var(--wp--preset--spacing--30);padding-left:var(--wp--preset--spacing--30)\">\n<div class=\"wp-block-group is-vertical is-content-justification-center is-layout-flex wp-container-core-group-is-layout-52b864f0 wp-block-group-is-layout-flex\">\n<h2 class=\"wp-block-heading has-text-align-center is-style-asterisk\">Puerto Bolivar<\/h2>\n\n\n\n<div style=\"height:0px\" aria-hidden=\"true\" class=\"wp-block-spacer wp-container-content-4f2ccadb\"><\/div>\n\n\n\n<p class=\"has-text-align-center\">P A R R O Q U I A<\/p>\n<\/div>\n\n\n\n<div class=\"wp-block-columns alignwide is-layout-flex wp-container-core-columns-is-layout-d0bbbce0 wp-block-columns-is-layout-flex\">\n<div class=\"wp-block-column is-layout-flow wp-container-core-column-is-layout-e3d1c41b wp-block-column-is-layout-flow\">\n<div class=\"wp-block-buttons is-content-justification-center is-layout-flex wp-container-core-buttons-is-layout-a89b3969 wp-block-buttons-is-layout-flex\">\n<div class=\"wp-block-button\"><a class=\"wp-block-button__link has-text-align-center wp-element-button\" href=\"https:\/\/pdot.putumayo.gob.ec\/?page_id=236\">Cabecera Parroquial<\/a><\/div>\n<\/div>\n\n\n\n<figure class=\"wp-block-image size-large is-style-rounded wp-duotone-unset-8 is-style-rounded--7\"><img loading=\"lazy\" decoding=\"async\" width=\"1024\" height=\"774\" src=\"https:\/\/pdot.putumayo.gob.ec\/wp-content\/uploads\/2024\/08\/Mini-PtoBolivar-1024x774.jpg\" alt=\"\" class=\"wp-image-166\" style=\"aspect-ratio:16\/9;object-fit:cover\" srcset=\"https:\/\/pdot.putumayo.gob.ec\/wp-content\/uploads\/2024\/08\/Mini-PtoBolivar-1024x774.jpg 1024w, https:\/\/pdot.putumayo.gob.ec\/wp-content\/uploads\/2024\/08\/Mini-PtoBolivar-300x227.jpg 300w, https:\/\/pdot.putumayo.gob.ec\/wp-content\/uploads\/2024\/08\/Mini-PtoBolivar-768x581.jpg 768w, https:\/\/pdot.putumayo.gob.ec\/wp-content\/uploads\/2024\/08\/Mini-PtoBolivar.jpg 1292w\" sizes=\"(max-width: 1024px) 100vw, 1024px\" \/><\/figure>\n<\/div>\n\n\n\n<div class=\"wp-block-column is-layout-flow wp-container-core-column-is-layout-e3d1c41b wp-block-column-is-layout-flow\">\n<div class=\"wp-block-buttons is-content-justification-center is-layout-flex wp-container-core-buttons-is-layout-a89b3969 wp-block-buttons-is-layout-flex\">\n<div class=\"wp-block-button\"><a class=\"wp-block-button__link has-text-align-center wp-element-button\" href=\"https:\/\/pdot.putumayo.gob.ec\/?page_id=246\">Laguna Grande<\/a><\/div>\n<\/div>\n\n\n\n<figure class=\"wp-block-image size-large is-style-rounded wp-duotone-unset-10 is-style-rounded--9\"><img loading=\"lazy\" decoding=\"async\" width=\"1024\" height=\"774\" src=\"https:\/\/pdot.putumayo.gob.ec\/wp-content\/uploads\/2024\/08\/Mini-PtoBolivar-Laguna-1024x774.jpg\" alt=\"\" class=\"wp-image-167\" style=\"aspect-ratio:16\/9;object-fit:cover\" srcset=\"https:\/\/pdot.putumayo.gob.ec\/wp-content\/uploads\/2024\/08\/Mini-PtoBolivar-Laguna-1024x774.jpg 1024w, https:\/\/pdot.putumayo.gob.ec\/wp-content\/uploads\/2024\/08\/Mini-PtoBolivar-Laguna-300x227.jpg 300w, https:\/\/pdot.putumayo.gob.ec\/wp-content\/uploads\/2024\/08\/Mini-PtoBolivar-Laguna-768x581.jpg 768w, https:\/\/pdot.putumayo.gob.ec\/wp-content\/uploads\/2024\/08\/Mini-PtoBolivar-Laguna.jpg 1292w\" sizes=\"(max-width: 1024px) 100vw, 1024px\" \/><\/figure>\n<\/div>\n<\/div>\n<\/div>\n\n\n\n<div class=\"wp-block-group alignfull has-base-2-background-color has-background has-global-padding is-layout-constrained wp-container-core-group-is-layout-867c3d7b wp-block-group-is-layout-constrained\" style=\"margin-top:0;margin-bottom:0;padding-top:var(--wp--preset--spacing--30);padding-right:var(--wp--preset--spacing--30);padding-bottom:var(--wp--preset--spacing--30);padding-left:var(--wp--preset--spacing--30)\">\n<div class=\"wp-block-group is-vertical is-content-justification-center is-layout-flex wp-container-core-group-is-layout-52b864f0 wp-block-group-is-layout-flex\">\n<h2 class=\"wp-block-heading has-text-align-center is-style-asterisk\">Sansahuari<\/h2>\n\n\n\n<div style=\"height:0px\" aria-hidden=\"true\" class=\"wp-block-spacer wp-container-content-4f2ccadb\"><\/div>\n\n\n\n<p class=\"has-text-align-center\">P A R R O Q U I A<\/p>\n<\/div>\n\n\n\n<div class=\"wp-block-columns alignwide is-layout-flex wp-container-core-columns-is-layout-d0bbbce0 wp-block-columns-is-layout-flex\">\n<div class=\"wp-block-column is-layout-flow wp-container-core-column-is-layout-e3d1c41b wp-block-column-is-layout-flow\">\n<div class=\"wp-block-buttons is-content-justification-center is-layout-flex wp-container-core-buttons-is-layout-a89b3969 wp-block-buttons-is-layout-flex\">\n<div class=\"wp-block-button\"><a class=\"wp-block-button__link has-text-align-center wp-element-button\" href=\"https:\/\/pdot.putumayo.gob.ec\/?page_id=254\">Cabecera Parroquial<\/a><\/div>\n<\/div>\n\n\n\n<figure class=\"wp-block-image size-large is-style-rounded wp-duotone-unset-12 is-style-rounded--11\"><img loading=\"lazy\" decoding=\"async\" width=\"1024\" height=\"774\" src=\"https:\/\/pdot.putumayo.gob.ec\/wp-content\/uploads\/2024\/08\/Mini-Sansahuari-1024x774.jpg\" alt=\"\" class=\"wp-image-168\" style=\"aspect-ratio:16\/9;object-fit:cover\" srcset=\"https:\/\/pdot.putumayo.gob.ec\/wp-content\/uploads\/2024\/08\/Mini-Sansahuari-1024x774.jpg 1024w, https:\/\/pdot.putumayo.gob.ec\/wp-content\/uploads\/2024\/08\/Mini-Sansahuari-300x227.jpg 300w, https:\/\/pdot.putumayo.gob.ec\/wp-content\/uploads\/2024\/08\/Mini-Sansahuari-768x581.jpg 768w, https:\/\/pdot.putumayo.gob.ec\/wp-content\/uploads\/2024\/08\/Mini-Sansahuari.jpg 1292w\" sizes=\"(max-width: 1024px) 100vw, 1024px\" \/><\/figure>\n<\/div>\n\n\n\n<div class=\"wp-block-column is-layout-flow wp-container-core-column-is-layout-e3d1c41b wp-block-column-is-layout-flow\"><\/div>\n<\/div>\n<\/div>\n\n\n\n<div class=\"wp-block-group alignfull has-base-background-color has-background has-global-padding is-layout-constrained wp-container-core-group-is-layout-867c3d7b wp-block-group-is-layout-constrained\" style=\"margin-top:0;margin-bottom:0;padding-top:var(--wp--preset--spacing--30);padding-right:var(--wp--preset--spacing--30);padding-bottom:var(--wp--preset--spacing--30);padding-left:var(--wp--preset--spacing--30)\">\n<div class=\"wp-block-group is-vertical is-content-justification-center is-layout-flex wp-container-core-group-is-layout-52b864f0 wp-block-group-is-layout-flex\">\n<h2 class=\"wp-block-heading has-text-align-center is-style-asterisk\">Santa Elena<\/h2>\n\n\n\n<div style=\"height:0px\" aria-hidden=\"true\" class=\"wp-block-spacer wp-container-content-4f2ccadb\"><\/div>\n\n\n\n<p class=\"has-text-align-center\">P A R R O Q U I A<\/p>\n<\/div>\n\n\n\n<div class=\"wp-block-columns alignwide is-layout-flex wp-container-core-columns-is-layout-d0bbbce0 wp-block-columns-is-layout-flex\">\n<div class=\"wp-block-column is-layout-flow wp-container-core-column-is-layout-e3d1c41b wp-block-column-is-layout-flow\">\n<div class=\"wp-block-buttons is-content-justification-center is-layout-flex wp-container-core-buttons-is-layout-a89b3969 wp-block-buttons-is-layout-flex\">\n<div class=\"wp-block-button\"><a class=\"wp-block-button__link has-text-align-center wp-element-button\" href=\"https:\/\/pdot.putumayo.gob.ec\/?page_id=261\">Cabecera Parroquial<\/a><\/div>\n<\/div>\n\n\n\n<figure class=\"wp-block-image size-large is-style-rounded wp-duotone-unset-14 is-style-rounded--13\"><img loading=\"lazy\" decoding=\"async\" width=\"1024\" height=\"774\" src=\"https:\/\/pdot.putumayo.gob.ec\/wp-content\/uploads\/2024\/08\/Mini-SantaElena-1024x774.jpg\" alt=\"\" class=\"wp-image-169\" style=\"aspect-ratio:16\/9;object-fit:cover\" srcset=\"https:\/\/pdot.putumayo.gob.ec\/wp-content\/uploads\/2024\/08\/Mini-SantaElena-1024x774.jpg 1024w, https:\/\/pdot.putumayo.gob.ec\/wp-content\/uploads\/2024\/08\/Mini-SantaElena-300x227.jpg 300w, https:\/\/pdot.putumayo.gob.ec\/wp-content\/uploads\/2024\/08\/Mini-SantaElena-768x581.jpg 768w, https:\/\/pdot.putumayo.gob.ec\/wp-content\/uploads\/2024\/08\/Mini-SantaElena.jpg 1292w\" sizes=\"(max-width: 1024px) 100vw, 1024px\" \/><\/figure>\n<\/div>\n\n\n\n<div class=\"wp-block-column is-layout-flow wp-container-core-column-is-layout-e3d1c41b wp-block-column-is-layout-flow\"><\/div>\n<\/div>\n<\/div>\n","protected":false},"excerpt":{"rendered":"<p>A continuaci\u00f3n, te presentamos recorridos virtuales de las \u00e1reas importantes del cant\u00f3n Putumayo que forman parte de la actualizaci\u00f3n del Plan de Desarrollo y Ordenamiento Territorial y el Plan de Uso y Gesti\u00f3n del Suelo. Puerto El Carmen P A R R O Q U I A Palma Roja P A R R O Q [&hellip;]<\/p>\n","protected":false},"author":1,"featured_media":158,"parent":0,"menu_order":0,"comment_status":"closed","ping_status":"closed","template":"","meta":{"footnotes":""},"class_list":["post-157","page","type-page","status-publish","has-post-thumbnail","hentry"],"_links":{"self":[{"href":"https:\/\/pdot.putumayo.gob.ec\/index.php?rest_route=\/wp\/v2\/pages\/157","targetHints":{"allow":["GET"]}}],"collection":[{"href":"https:\/\/pdot.putumayo.gob.ec\/index.php?rest_route=\/wp\/v2\/pages"}],"about":[{"href":"https:\/\/pdot.putumayo.gob.ec\/index.php?rest_route=\/wp\/v2\/types\/page"}],"author":[{"embeddable":true,"href":"https:\/\/pdot.putumayo.gob.ec\/index.php?rest_route=\/wp\/v2\/users\/1"}],"replies":[{"embeddable":true,"href":"https:\/\/pdot.putumayo.gob.ec\/index.php?rest_route=%2Fwp%2Fv2%2Fcomments&post=157"}],"version-history":[{"count":5,"href":"https:\/\/pdot.putumayo.gob.ec\/index.php?rest_route=\/wp\/v2\/pages\/157\/revisions"}],"predecessor-version":[{"id":268,"href":"https:\/\/pdot.putumayo.gob.ec\/index.php?rest_route=\/wp\/v2\/pages\/157\/revisions\/268"}],"wp:featuredmedia":[{"embeddable":true,"href":"https:\/\/pdot.putumayo.gob.ec\/index.php?rest_route=\/wp\/v2\/media\/158"}],"wp:attachment":[{"href":"https:\/\/pdot.putumayo.gob.ec\/index.php?rest_route=%2Fwp%2Fv2%2Fmedia&parent=157"}],"curies":[{"name":"wp","href":"https:\/\/api.w.org\/{rel}","templated":true}]}}